{"id":111,"date":"2020-05-10T05:45:46","date_gmt":"2020-05-10T05:45:46","guid":{"rendered":"https:\/\/schugt-bonn.de?page_id=111"},"modified":"2021-05-30T08:16:17","modified_gmt":"2021-05-30T08:16:17","slug":"home","status":"publish","type":"page","link":"https:\/\/schugt-bonn.de\/","title":{"rendered":"Home"},"content":{"rendered":"\t\t<div data-elementor-type=\"wp-page\" data-elementor-id=\"111\" class=\"elementor elementor-111\">\n\t\t\t\t\t\t<section class=\"elementor-section elementor-top-section elementor-element elementor-element-037c683 elementor-section-stretched elementor-section-full_width elementor-section-height-default elementor-section-height-default\" data-id=\"037c683\" data-element_type=\"section\" data-settings=\"{&quot;stretch_section&quot;:&quot;section-stretched&quot;}\">\n\t\t\t\t\t\t<div class=\"elementor-container elementor-column-gap-no\">\n\t\t\t\t\t<div class=\"elementor-column elementor-col-100 elementor-top-column elementor-element elementor-element-8775b65\" data-id=\"8775b65\" data-element_type=\"column\">\n\t\t\t<div class=\"elementor-widget-wrap elementor-element-populated\">\n\t\t\t\t\t\t<div class=\"elementor-element elementor-element-53c5ada elementor-widget elementor-widget-leganic_about\" data-id=\"53c5ada\" data-element_type=\"widget\" data-widget_type=\"leganic_about.default\">\n\t\t\t\t<div class=\"elementor-widget-container\">\n\t\t\t\t\t<section class=\"about-section-two\">\n\t\t\t<div class=\"auto-container\">\n\t\t\t\t<div class=\"row\">\n\t\t\t\t\t<div class=\"col-lg-5\">\n\t\t\t\t\t\t<div class=\"title-column\">\n\t\t\t\t\t\t\t<div class=\"sec-title\">\n\t\t\t\t\t\t\t\t<div class=\"icon-box\"><img decoding=\"async\" src=\"https:\/\/schugt-bonn.de\/wp-content\/uploads\/2021\/05\/icon-14.png\" title=\"icon-14\" alt=\"icon-14\" loading=\"lazy\" \/><\/div>\n\t\t\t\t\t\t\t\t<h1 class=\"heading_class\">Landwirtschaftlicher Produktionsbetrieb in dritter Generation<\/h1>\t\t\t\t\t\t\t<\/div>\n\t\t\t\t\t\t\t<h4>Wissen wo es her kommt.<\/h4>\n\t\t\t\t\t\t<\/div>\n\t\t\t\t\t<\/div>\n\t\t\t\t\t<div class=\"col-lg-7\">\n\t\t\t\t\t\t<div class=\"about-block-two\">\n\t\t\t\t\t\t\t<div class=\"text\">\n\t\t\t\t\t\t\t\tVor \u00fcber siebzig Jahren hat alles angefangen. Neben einer kleinen Anzahl an Nutzvieh (K\u00fche, Bullen, H\u00fchner, Pferde), wurde auch Obst und Gem\u00fcse zum Verkauf auf der sogenannten \u201eVersteigerung\u201c in Bonn angebaut. Pfirsiche, Stachelbeeren, Johannisbeeren, Erdbeeren, S\u00fc\u00dfkirschen, Pflaumen und Kartoffeln wurden das ganze Jahr \u00fcber saisonal geerntet und auf Anh\u00e4ngern quer durch Bonn gefahren, um sie dort den H\u00e4ndlern zu pr\u00e4sentieren und zum bestm\u00f6glichen Preis zu verkaufen.<br><br>Mit der Zeit kamen neue Obstsorten dazu. So zum Beispiel um 1970 die \u00c4pfel und Birnen. Nach und nach wurde die Erntemenge der einzelnen Sorten erh\u00f6ht, da auch die Nachfrage stetig stieg.<br><br>Mittlerweile wird der Betrieb in dritter Generation gef\u00fchrt. Seit 2010 haben wir uns haupts\u00e4chlich auf Stachel- & Johannisbeeren spezialisiert, welche in der Hauptsaison gemeinsam mit \u00fcber 30 Erntehelfern geerntet werden.\t\t\t\t\t\t\t<\/div>\n\t\t\t\t\t\t\t<div class=\"icon-box-wrapper\">\n\t\t\t\t\t\t\t\t<div class=\"row\">\n\t\t\t\t\t\t\t\t\t\t\t\t\t\t\t\t\t\t <div class=\"column col-md-4\">\n\t\t\t\t\t\t\t\t\t\t\t<div class=\"icon-box wow zoomIn\" data-wow-delay=\"500ms\" data-wow-duration=\"1500ms\">\n\t\t\t\t\t\t\t\t\t\t\t\t<div class=\"icon\"><img decoding=\"async\" src=\"https:\/\/schugt-bonn.de\/wp-content\/uploads\/2020\/06\/icon-15.png\" title=\"icon-15\" alt=\"icon-15\" loading=\"lazy\" \/><\/div>\n\t\t\t\t\t\t\t\t\t\t\t\t<h4 class=\"heading_class2\">Anbau<\/h4>\t\t\t\t\t\t\t\t\t\t\t<\/div>\n\t\t\t\t\t\t\t\t\t\t<\/div> \t\t\t\t\t\t\t\t\t <div class=\"column col-md-4\">\n\t\t\t\t\t\t\t\t\t\t\t<div class=\"icon-box wow zoomIn\" data-wow-delay=\"500ms\" data-wow-duration=\"1500ms\">\n\t\t\t\t\t\t\t\t\t\t\t\t<div class=\"icon\"><img decoding=\"async\" src=\"https:\/\/schugt-bonn.de\/wp-content\/uploads\/2020\/06\/icon-16.png\" title=\"icon-16\" alt=\"icon-16\" loading=\"lazy\" \/><\/div>\n\t\t\t\t\t\t\t\t\t\t\t\t<h4 class=\"heading_class2 heading_class2\">Ernte<\/h4>\t\t\t\t\t\t\t\t\t\t\t<\/div>\n\t\t\t\t\t\t\t\t\t\t<\/div> \t\t\t\t\t\t\t\t\t <div class=\"column col-md-4\">\n\t\t\t\t\t\t\t\t\t\t\t<div class=\"icon-box wow zoomIn\" data-wow-delay=\"500ms\" data-wow-duration=\"1500ms\">\n\t\t\t\t\t\t\t\t\t\t\t\t<div class=\"icon\"><img decoding=\"async\" src=\"https:\/\/schugt-bonn.de\/wp-content\/uploads\/2020\/06\/icon-17.png\" title=\"icon-17\" alt=\"icon-17\" loading=\"lazy\" \/><\/div>\n\t\t\t\t\t\t\t\t\t\t\t\t<h4 class=\"heading_class2 heading_class2 heading_class2\">Vertrieb<\/h4>\t\t\t\t\t\t\t\t\t\t\t<\/div>\n\t\t\t\t\t\t\t\t\t\t<\/div> \n\t\t\t\t\t\t\t\t<\/div>\n\t\t\t\t\t\t\t<\/div>\n\t\t\t\t\t\t<\/div>\n\t\t\t\t\t<\/div>\n\t\t\t\t<\/div>\n\t\t\t<\/div>\n\t\t<\/section> \n\t\t\t\t<\/div>\n\t\t\t\t<\/div>\n\t\t\t\t<section class=\"elementor-section elementor-inner-section elementor-element elementor-element-496b07b elementor-section-boxed elementor-section-height-default elementor-section-height-default\" data-id=\"496b07b\" data-element_type=\"section\">\n\t\t\t\t\t\t<div class=\"elementor-container elementor-column-gap-wide\">\n\t\t\t\t\t<div class=\"elementor-column elementor-col-66 elementor-inner-column elementor-element elementor-element-ea56f40\" data-id=\"ea56f40\" data-element_type=\"column\">\n\t\t\t<div class=\"elementor-widget-wrap elementor-element-populated\">\n\t\t\t\t\t\t<div class=\"elementor-element elementor-element-a56412d elementor-widget elementor-widget-text-editor\" data-id=\"a56412d\" data-element_type=\"widget\" data-widget_type=\"text-editor.default\">\n\t\t\t\t<div class=\"elementor-widget-container\">\n\t\t\t\t\t\t\t<h3><strong>Obstanbau<\/strong><\/h3><p>Der in dritten Generation gef\u00fchrte landwirtschaftliche Produktionsbetrieb wird von Peter Schugt geleitet. Wir f\u00fchlen uns der Umwelt verbunden und achten auf eine \u00f6kologisch ausgeglichene Anbauweise. Unsere hohen Qualit\u00e4tsanspr\u00fcche lassen wir regelm\u00e4\u00dfig von externen Experten \u00fcberpr\u00fcfen. Im Rahmen des QS-Pr\u00fcfsystems wird sichergestellt, dass unsere Erzeugnisse einer gleichbleibend hohen Qualit\u00e4t entsprechen.\u00a0<\/p><h3><strong>Moderne Bewirtschaftung<\/strong><\/h3><p>Auf einer Anbaufl\u00e4che von \u00fcber 20 Hektar, im Herzen des Rheinlands und dem Drachenfelser L\u00e4ndchen, liegt der Anbauschwerpunkt auf Beerenfr\u00fcchten. Eine Auswahl unserer Hauptanbausorten finden Sie in der nebenstehenden Auflistung.<\/p><p>Mit modernen Maschinen und qualifiziertem Personal findet eine Bewirtschaftung nach modernsten Standards statt. Der Betrieb verf\u00fcgt \u00fcber mehrere eigene Dosieranlagen. Die Stachelbeerdosieranlage beispielsweise erm\u00f6glicht eine auf 20 Gramm genaue Verpackung in Schalen zu 500 Gramm. Ohne Qualit\u00e4tsminderung werden die Fr\u00fcchte mit einer Geschwindigkeit von duzenden Schalen pro Minute schonend verpackt.<\/p>\t\t\t\t\t\t<\/div>\n\t\t\t\t<\/div>\n\t\t\t\t\t<\/div>\n\t\t<\/div>\n\t\t\t\t<div class=\"elementor-column elementor-col-33 elementor-inner-column elementor-element elementor-element-4744a3c\" data-id=\"4744a3c\" data-element_type=\"column\">\n\t\t\t<div class=\"elementor-widget-wrap elementor-element-populated\">\n\t\t\t\t\t\t<div class=\"elementor-element elementor-element-8f9c77b elementor-widget elementor-widget-text-editor\" data-id=\"8f9c77b\" data-element_type=\"widget\" data-widget_type=\"text-editor.default\">\n\t\t\t\t<div class=\"elementor-widget-container\">\n\t\t\t\t\t\t\t<h3><strong>Hauptanbausorten<\/strong><\/h3><h6>Stachelbeeren:<\/h6><p>\u00a0&#8211; Invicta (gr\u00fcn)<br \/>\u00a0&#8211; Xenia (rot)<br \/>\u00a0&#8211; rote Orleans<br \/>\u00a0&#8211; Achilles<br \/>\u00a0&#8211; Whinham\u2019s Industry<\/p><h6>Johannisbeeren (rot):<\/h6><p>\u00a0&#8211; Jonkheer van Tets<br \/>\u00a0&#8211; Rovada<br \/>\u00a0&#8211; Red Pool<\/p><h6>Steinobst:<\/h6><p>\u00a0&#8211; Pflaumen\/Zwetschen<br \/>\u00a0&#8211; rote Weinbergspfirsiche<br \/>\u00a0&#8211; Herbsthimbeeren<\/p>\t\t\t\t\t\t<\/div>\n\t\t\t\t<\/div>\n\t\t\t\t\t<\/div>\n\t\t<\/div>\n\t\t\t\t\t<\/div>\n\t\t<\/section>\n\t\t\t\t\t<\/div>\n\t\t<\/div>\n\t\t\t\t\t<\/div>\n\t\t<\/section>\n\t\t\t\t<section class=\"elementor-section elementor-top-section elementor-element elementor-element-6248e08 elementor-section-stretched elementor-section-full_width elementor-section-height-default elementor-section-height-default\" data-id=\"6248e08\" data-element_type=\"section\" data-settings=\"{&quot;stretch_section&quot;:&quot;section-stretched&quot;}\">\n\t\t\t\t\t\t<div class=\"elementor-container elementor-column-gap-no\">\n\t\t\t\t\t<div class=\"elementor-column elementor-col-100 elementor-top-column elementor-element elementor-element-a2508b6\" data-id=\"a2508b6\" data-element_type=\"column\">\n\t\t\t<div class=\"elementor-widget-wrap elementor-element-populated\">\n\t\t\t\t\t\t<div class=\"elementor-element elementor-element-ad98ccd elementor-widget elementor-widget-call_to_action_leganic\" data-id=\"ad98ccd\" data-element_type=\"widget\" data-widget_type=\"call_to_action_leganic.default\">\n\t\t\t\t<div class=\"elementor-widget-container\">\n\t\t\t<section class=\"cta-section\" style=\"background-image:url(https:\/\/schugt-bonn.de\/wp-content\/uploads\/2020\/06\/10.jpg);\">\n\t\t\t<div class=\"auto-container\">\n\t\t\t\t<div class=\"content-box\">\n\t\t\t\t\t<h4>Peter Schugt Beerenstark - Live dabei<\/h4>\n\t\t\t\t\t<h2 class=\"heading_class\">Wo deine Johannisbeeren herkommen - Johannisbeerernte - von Aldi S\u00fcd <\/h2>\t\t\t\t\t<div class=\"text\">Erhalten Sie einen Einblick in unseren Arbeitsalltag.<\/div>\n\t\t\t\t\t<div class=\"video-btn\"><a class=\"video-popup\" href=\"https:\/\/www.youtube.com\/watch?v=a2A3ytbH_2U&amp;t=9s\" target=\"_blank\" rel=\"nofollow\"><i class=\"fa fa-play\"><\/i> <\/a><\/div>\n\t\t\t\t<\/div>\n\t\t\t<\/div>\n\t\t<\/section> \n\t\t\t\t<\/div>\n\t\t\t\t<\/div>\n\t\t\t\t\t<\/div>\n\t\t<\/div>\n\t\t\t\t\t<\/div>\n\t\t<\/section>\n\t\t\t\t<section class=\"elementor-section elementor-top-section elementor-element elementor-element-98d014f elementor-section-stretched elementor-section-full_width elementor-section-height-default elementor-section-height-default\" data-id=\"98d014f\" data-element_type=\"section\" data-settings=\"{&quot;stretch_section&quot;:&quot;section-stretched&quot;}\">\n\t\t\t\t\t\t<div class=\"elementor-container elementor-column-gap-no\">\n\t\t\t\t\t<div class=\"elementor-column elementor-col-100 elementor-top-column elementor-element elementor-element-9c02931\" data-id=\"9c02931\" data-element_type=\"column\">\n\t\t\t<div class=\"elementor-widget-wrap elementor-element-populated\">\n\t\t\t\t\t\t<div class=\"elementor-element elementor-element-c355778 animated-slow elementor-widget elementor-widget-why_choose_us_two\" data-id=\"c355778\" data-element_type=\"widget\" data-settings=\"{&quot;_animation&quot;:&quot;none&quot;}\" data-widget_type=\"why_choose_us_two.default\">\n\t\t\t\t<div class=\"elementor-widget-container\">\n\t\t\t\t\t<section class=\"why-choose-us-section-two\">\n\t\t\t<div class=\"auto-container\">\n\t\t\t\t<div class=\"row\">\n\t\t\t\t\t<div class=\"col-lg-5\">\n\t\t\t\t\t\t<!--Sec Title-->\n\t\t\t\t\t\t<div class=\"sec-title\">\n\t\t\t\t\t\t\t<div class=\"icon-box\"><img decoding=\"async\" src=\"https:\/\/schugt-bonn.de\/wp-content\/uploads\/2021\/05\/icon-14.png\" title=\"icon-14\" alt=\"icon-14\" loading=\"lazy\" \/><\/div>\n\t\t\t\t\t\t\t<h4 class=\"title_class_underline\"><span>Warum Obst von<\/span> <br>Peter Schugt Beerenstark?<\/h4>\t\t\t\t\t\t\t<div class=\"text\"><\/div>\n\t\t\t\t\t\t<\/div>\n\t\t\t\t\t\t\t\t\t\t\t\t <div class=\"why-choose-block-two\">\n\t\t\t\t\t\t\t\t<div class=\"icon-box wow zoomIn\" data-wow-delay=\"500ms\" data-wow-duration=\"1500ms\"><img decoding=\"async\" src=\"https:\/\/schugt-bonn.de\/wp-content\/uploads\/2020\/06\/icon-26.png\" title=\"icon-26\" alt=\"icon-26\" loading=\"lazy\" \/><\/div>\n\t\t\t\t\t\t\t\t<h4 class=\"title_class_underline2\">Kontrollierter Anbau im Rheinland<\/h4>\t\t\t\t\t\t\t\t<div class=\"text\"><\/div>\n\t\t\t\t\t\t\t<\/div> \t\t\t\t\t\t <div class=\"why-choose-block-two\">\n\t\t\t\t\t\t\t\t<div class=\"icon-box wow zoomIn\" data-wow-delay=\"500ms\" data-wow-duration=\"1500ms\"><img decoding=\"async\" src=\"https:\/\/schugt-bonn.de\/wp-content\/uploads\/2020\/06\/icon-4.png\" title=\"icon-4\" alt=\"icon-4\" loading=\"lazy\" \/><\/div>\n\t\t\t\t\t\t\t\t<h4 class=\"title_class_underline2 title_class_underline2\">Schonende Ernte<\/h4>\t\t\t\t\t\t\t\t<div class=\"text\"><\/div>\n\t\t\t\t\t\t\t<\/div> \t\t\t\t\t\t <div class=\"why-choose-block-two\">\n\t\t\t\t\t\t\t\t<div class=\"icon-box wow zoomIn\" data-wow-delay=\"500ms\" data-wow-duration=\"1500ms\"><img decoding=\"async\" src=\"https:\/\/schugt-bonn.de\/wp-content\/uploads\/2020\/06\/icon-27.png\" title=\"icon-27\" alt=\"icon-27\" loading=\"lazy\" \/><\/div>\n\t\t\t\t\t\t\t\t<h4 class=\"title_class_underline2 title_class_underline2 title_class_underline2\">Vertrauen in dritter Generation<\/h4>\t\t\t\t\t\t\t\t<div class=\"text\"><\/div>\n\t\t\t\t\t\t\t<\/div> \t\t\t\t\t<\/div>\n\t\t\t\t\t<div class=\"col-lg-7\">\n\t\t\t\t\t\t<div class=\"shape-1\"><\/div>\n\t\t\t\t\t\t<div class=\"shape-2\"><\/div>\n\t\t\t\t\t\t<div class=\"image-box\"><img decoding=\"async\" src=\"https:\/\/schugt-bonn.de\/wp-content\/uploads\/2021\/05\/cropped-Schugt-Beerenstark.jpg\" title=\"cropped-Schugt-Beerenstark.jpg\" alt=\"cropped-Schugt-Beerenstark.jpg\" loading=\"lazy\" \/><\/div>\n\t\t\t\t\t<\/div>\n\t\t\t\t<\/div>\n\t\t\t<\/div>\n\t\t<\/section> \n\t\t\t\t<\/div>\n\t\t\t\t<\/div>\n\t\t\t\t\t<\/div>\n\t\t<\/div>\n\t\t\t\t\t<\/div>\n\t\t<\/section>\n\t\t\t\t<section class=\"elementor-section elementor-top-section elementor-element elementor-element-f98fc11 elementor-section-boxed elementor-section-height-default elementor-section-height-default\" data-id=\"f98fc11\" data-element_type=\"section\" data-settings=\"{&quot;background_background&quot;:&quot;classic&quot;,&quot;shape_divider_top&quot;:&quot;mountains&quot;}\">\n\t\t\t\t\t\t\t<div class=\"elementor-background-overlay\"><\/div>\n\t\t\t\t\t\t<div class=\"elementor-shape elementor-shape-top\" data-negative=\"false\">\n\t\t\t<svg xmlns=\"http:\/\/www.w3.org\/2000\/svg\" viewBox=\"0 0 1000 100\" preserveAspectRatio=\"none\">\n\t<path class=\"elementor-shape-fill\" opacity=\"0.33\" d=\"M473,67.3c-203.9,88.3-263.1-34-320.3,0C66,119.1,0,59.7,0,59.7V0h1000v59.7 c0,0-62.1,26.1-94.9,29.3c-32.8,3.3-62.8-12.3-75.8-22.1C806,49.6,745.3,8.7,694.9,4.7S492.4,59,473,67.3z\"\/>\n\t<path class=\"elementor-shape-fill\" opacity=\"0.66\" d=\"M734,67.3c-45.5,0-77.2-23.2-129.1-39.1c-28.6-8.7-150.3-10.1-254,39.1 s-91.7-34.4-149.2,0C115.7,118.3,0,39.8,0,39.8V0h1000v36.5c0,0-28.2-18.5-92.1-18.5C810.2,18.1,775.7,67.3,734,67.3z\"\/>\n\t<path class=\"elementor-shape-fill\" d=\"M766.1,28.9c-200-57.5-266,65.5-395.1,19.5C242,1.8,242,5.4,184.8,20.6C128,35.8,132.3,44.9,89.9,52.5C28.6,63.7,0,0,0,0 h1000c0,0-9.9,40.9-83.6,48.1S829.6,47,766.1,28.9z\"\/>\n<\/svg>\t\t<\/div>\n\t\t\t\t\t<div class=\"elementor-container elementor-column-gap-default\">\n\t\t\t\t\t<div class=\"elementor-column elementor-col-100 elementor-top-column elementor-element elementor-element-7e588f9\" data-id=\"7e588f9\" data-element_type=\"column\">\n\t\t\t<div class=\"elementor-widget-wrap elementor-element-populated\">\n\t\t\t\t\t\t<div class=\"elementor-element elementor-element-62d76f7 elementor-widget elementor-widget-spacer\" data-id=\"62d76f7\" data-element_type=\"widget\" data-widget_type=\"spacer.default\">\n\t\t\t\t<div class=\"elementor-widget-container\">\n\t\t\t\t\t<div class=\"elementor-spacer\">\n\t\t\t<div class=\"elementor-spacer-inner\"><\/div>\n\t\t<\/div>\n\t\t\t\t<\/div>\n\t\t\t\t<\/div>\n\t\t\t\t\t<\/div>\n\t\t<\/div>\n\t\t\t\t\t<\/div>\n\t\t<\/section>\n\t\t\t\t<\/div>\n\t\t","protected":false},"excerpt":{"rendered":"<p>Landwirtschaftlicher Produktionsbetrieb in dritter Generation Wissen wo es her kommt. Vor \u00fcber siebzig Jahren hat alles angefangen. Neben einer kleinen Anzahl an Nutzvieh (K\u00fche, Bullen, H\u00fchner, Pferde), wurde auch Obst und Gem\u00fcse zum Verkauf auf der sogenannten \u201eVersteigerung\u201c in Bonn angebaut. Pfirsiche, Stachelbeeren, Johannisbeeren, Erdbeeren, S\u00fc\u00dfkirschen, Pflaumen und Kartoffeln wurden das ganze Jahr \u00fcber saisonal [&hellip;]<\/p>\n","protected":false},"author":1,"featured_media":0,"parent":0,"menu_order":0,"comment_status":"closed","ping_status":"closed","template":"elementor_header_footer","meta":[],"_links":{"self":[{"href":"https:\/\/schugt-bonn.de\/index.php?rest_route=\/wp\/v2\/pages\/111"}],"collection":[{"href":"https:\/\/schugt-bonn.de\/index.php?rest_route=\/wp\/v2\/pages"}],"about":[{"href":"https:\/\/schugt-bonn.de\/index.php?rest_route=\/wp\/v2\/types\/page"}],"author":[{"embeddable":true,"href":"https:\/\/schugt-bonn.de\/index.php?rest_route=\/wp\/v2\/users\/1"}],"replies":[{"embeddable":true,"href":"https:\/\/schugt-bonn.de\/index.php?rest_route=%2Fwp%2Fv2%2Fcomments&post=111"}],"version-history":[{"count":68,"href":"https:\/\/schugt-bonn.de\/index.php?rest_route=\/wp\/v2\/pages\/111\/revisions"}],"predecessor-version":[{"id":1437,"href":"https:\/\/schugt-bonn.de\/index.php?rest_route=\/wp\/v2\/pages\/111\/revisions\/1437"}],"wp:attachment":[{"href":"https:\/\/schugt-bonn.de\/index.php?rest_route=%2Fwp%2Fv2%2Fmedia&parent=111"}],"curies":[{"name":"wp","href":"https:\/\/api.w.org\/{rel}","templated":true}]}}